{"id":1548,"date":"2021-03-18T11:23:12","date_gmt":"2021-03-18T11:23:12","guid":{"rendered":"https:\/\/wordpress.iqonic.design\/mill\/?page_id=1548"},"modified":"2024-01-18T12:38:15","modified_gmt":"2024-01-18T12:38:15","slug":"about-us","status":"publish","type":"page","link":"https:\/\/teasagl.ch\/?page_id=1548","title":{"rendered":"Consulenza Antincendio"},"content":{"rendered":"\t\t<div data-elementor-type=\"wp-page\" data-elementor-id=\"1548\" class=\"elementor elementor-1548\">\n\t\t\t\t\t\t<section class=\"elementor-section elementor-top-section elementor-element elementor-element-9ec9914 elementor-section-boxed elementor-section-height-default elementor-section-height-default\" data-id=\"9ec9914\" data-element_type=\"section\">\n\t\t\t\t\t\t<div class=\"elementor-container elementor-column-gap-default\">\n\t\t\t\t\t<div class=\"elementor-column elementor-col-100 elementor-top-column elementor-element elementor-element-b5ffe75\" data-id=\"b5ffe75\" data-element_type=\"column\">\n\t\t\t<div class=\"elementor-widget-wrap elementor-element-populated\">\n\t\t\t\t\t\t<div class=\"elementor-element elementor-element-8967f5a elementor-widget elementor-widget-iqonic-Title\" data-id=\"8967f5a\" data-element_type=\"widget\" data-widget_type=\"iqonic-Title.default\">\n\t\t\t\t<div class=\"elementor-widget-container\">\n\t\t\t\t\t    <div class=\"mill-title-box mill-title-box-1\">\n                    <div class=\"mill-title-icon\">\n                            <\/div>\n                                                            <h2 class=\"mill-title mill-heading-title\">\n                Protezione antincendio            <\/h2>\n                        <p class=\"mill-title-desc\">Studio di ingegneria che opera nel campo della progettazione e della consulenza nei settori della protezione antincendio e della sicurezza sui luoghi di lavoro su tutto il territorio elvetico.<\/p>    <\/div> \t\t\t\t<\/div>\n\t\t\t\t<\/div>\n\t\t\t\t\t<\/div>\n\t\t<\/div>\n\t\t\t\t\t<\/div>\n\t\t<\/section>\n\t\t\t\t<section class=\"elementor-section elementor-top-section elementor-element elementor-element-6a32736 elementor-section-boxed elementor-section-height-default elementor-section-height-default\" data-id=\"6a32736\" data-element_type=\"section\">\n\t\t\t\t\t\t<div class=\"elementor-container elementor-column-gap-default\">\n\t\t\t\t\t<div class=\"elementor-column elementor-col-33 elementor-top-column elementor-element elementor-element-099bf12\" data-id=\"099bf12\" data-element_type=\"column\">\n\t\t\t<div class=\"elementor-widget-wrap\">\n\t\t\t\t\t\t\t<\/div>\n\t\t<\/div>\n\t\t\t\t<div class=\"elementor-column elementor-col-33 elementor-top-column elementor-element elementor-element-91cf4a9\" data-id=\"91cf4a9\" data-element_type=\"column\">\n\t\t\t<div class=\"elementor-widget-wrap\">\n\t\t\t\t\t\t\t<\/div>\n\t\t<\/div>\n\t\t\t\t<div class=\"elementor-column elementor-col-33 elementor-top-column elementor-element elementor-element-f1e2eb6\" data-id=\"f1e2eb6\" data-element_type=\"column\">\n\t\t\t<div class=\"elementor-widget-wrap\">\n\t\t\t\t\t\t\t<\/div>\n\t\t<\/div>\n\t\t\t\t\t<\/div>\n\t\t<\/section>\n\t\t\t\t<section class=\"elementor-section elementor-top-section elementor-element elementor-element-eef14fc elementor-section-boxed elementor-section-height-default elementor-section-height-default\" data-id=\"eef14fc\" data-element_type=\"section\">\n\t\t\t\t\t\t<div class=\"elementor-container elementor-column-gap-default\">\n\t\t\t\t\t<div class=\"elementor-column elementor-col-33 elementor-top-column elementor-element elementor-element-0ec65ad\" data-id=\"0ec65ad\" data-element_type=\"column\">\n\t\t\t<div class=\"elementor-widget-wrap elementor-element-populated\">\n\t\t\t\t\t\t<div class=\"elementor-element elementor-element-de9024f elementor-invisible elementor-widget elementor-widget-iqonic_IconBox\" data-id=\"de9024f\" data-element_type=\"widget\" data-settings=\"{&quot;_animation&quot;:&quot;fadeInUp&quot;,&quot;_animation_delay&quot;:600}\" data-widget_type=\"iqonic_IconBox.default\">\n\t\t\t\t<div class=\"elementor-widget-container\">\n\t\t\t\t\t\n<div class=\"mill-icon-box mill-icon-box-style-1  left\">\n\n    <div class=\"icon-box-content\">\n                    <a >\n                <h5 class=\"icon-box-title\n            mill-heading-title\"> Perizie tecniche  e giudiziarie                <\/h5>\n            <\/a>\n                        <p class=\"icon-box-desc\">Iforniamo assistenza per indagini antincendio a seguito di sinistri (determinazione delle cause di incendio, comportamento al fuoco e analisi conformit\u00e0 situazione preesistente)<\/p>                    <div class=\"icon-box-img\">\n                <i aria-hidden=\"true\" class=\"fas fa-newspaper\"><\/i>            <\/div>\n        \n    <\/div>\n    <\/div>\t\t\t\t<\/div>\n\t\t\t\t<\/div>\n\t\t\t\t<div class=\"elementor-element elementor-element-8bc79ff elementor-invisible elementor-widget elementor-widget-iqonic_IconBox\" data-id=\"8bc79ff\" data-element_type=\"widget\" data-settings=\"{&quot;_animation&quot;:&quot;fadeInUp&quot;,&quot;_animation_delay&quot;:200}\" data-widget_type=\"iqonic_IconBox.default\">\n\t\t\t\t<div class=\"elementor-widget-container\">\n\t\t\t\t\t\n<div class=\"mill-icon-box mill-icon-box-style-1  left\">\n\n    <div class=\"icon-box-content\">\n                    <a >\n                <h5 class=\"icon-box-title\n            mill-heading-title\"> Fire Engineering                <\/h5>\n            <\/a>\n                        <p class=\"icon-box-desc\">utilizziamo software per le simulazioni d\u2019incendio e di evacuazione delle persone, al fine di validare soluzioni progettuali e concetti prestazionali.<\/p>                    <div class=\"icon-box-img\">\n                <i aria-hidden=\"true\" class=\"fas fa-fire-extinguisher\"><\/i>            <\/div>\n        \n    <\/div>\n    <\/div>\t\t\t\t<\/div>\n\t\t\t\t<\/div>\n\t\t\t\t<div class=\"elementor-element elementor-element-c9faba7 elementor-invisible elementor-widget elementor-widget-iqonic_IconBox\" data-id=\"c9faba7\" data-element_type=\"widget\" data-settings=\"{&quot;_animation&quot;:&quot;fadeInUp&quot;,&quot;_animation_delay&quot;:600}\" data-widget_type=\"iqonic_IconBox.default\">\n\t\t\t\t<div class=\"elementor-widget-container\">\n\t\t\t\t\t\n<div class=\"mill-icon-box mill-icon-box-style-1  left\">\n\n    <div class=\"icon-box-content\">\n                    <a >\n                <h5 class=\"icon-box-title\n            mill-heading-title\"> Attestati di conformit\u00e0                <\/h5>\n            <\/a>\n                        <p class=\"icon-box-desc\">Siamo in grado di redigere attestati di Conformit\u00e0 Antincendio \/ concetti antincendio per ogni tipo di stabile e per tutta la Svizzera, in qualit\u00e0 di tecnici riconosciuti \/garanti della qualit\u00e0 in possesso di entrambi i certificati di specialisti ed esperti antincendio AICAA. Questo documento attesta la conformit\u00e0 del progetto con le Prescrizioni Antincendio in fase di domanda di costruzione. La presentazione di un Attestato di Conformit\u00e0 Antincendio \u00e8 obbligatoria a partire da progetti con pi\u00f9 di una unit\u00e0 abitativa.<\/p>                    <div class=\"icon-box-img\">\n                <i aria-hidden=\"true\" class=\"fas fa-certificate\"><\/i>            <\/div>\n        \n    <\/div>\n    <\/div>\t\t\t\t<\/div>\n\t\t\t\t<\/div>\n\t\t\t\t\t<\/div>\n\t\t<\/div>\n\t\t\t\t<div class=\"elementor-column elementor-col-33 elementor-top-column elementor-element elementor-element-01d5891\" data-id=\"01d5891\" data-element_type=\"column\">\n\t\t\t<div class=\"elementor-widget-wrap elementor-element-populated\">\n\t\t\t\t\t\t<div class=\"elementor-element elementor-element-d97808a elementor-invisible elementor-widget elementor-widget-iqonic_IconBox\" data-id=\"d97808a\" data-element_type=\"widget\" data-settings=\"{&quot;_animation&quot;:&quot;fadeInUp&quot;,&quot;_animation_delay&quot;:400}\" data-widget_type=\"iqonic_IconBox.default\">\n\t\t\t\t<div class=\"elementor-widget-container\">\n\t\t\t\t\t\n<div class=\"mill-icon-box mill-icon-box-style-1  left\">\n\n    <div class=\"icon-box-content\">\n                    <a >\n                <h5 class=\"icon-box-title\n            mill-heading-title\"> Consulenza normativa                <\/h5>\n            <\/a>\n                        <p class=\"icon-box-desc\">abbiamo esperienza nell\u2019utilizzo di normative federali e stato della tecnica (VKF, Lignum, ITEC, ecc.).<\/p>                    <div class=\"icon-box-img\">\n                <i aria-hidden=\"true\" class=\"fas fa-fire-alt\"><\/i>            <\/div>\n        \n    <\/div>\n    <\/div>\t\t\t\t<\/div>\n\t\t\t\t<\/div>\n\t\t\t\t<div class=\"elementor-element elementor-element-dabe69d elementor-invisible elementor-widget elementor-widget-iqonic_IconBox\" data-id=\"dabe69d\" data-element_type=\"widget\" data-settings=\"{&quot;_animation&quot;:&quot;fadeInUp&quot;,&quot;_animation_delay&quot;:800}\" data-widget_type=\"iqonic_IconBox.default\">\n\t\t\t\t<div class=\"elementor-widget-container\">\n\t\t\t\t\t\n<div class=\"mill-icon-box mill-icon-box-style-1  \">\n\n    <div class=\"icon-box-content\">\n                    <a >\n                <h5 class=\"icon-box-title\n            mill-heading-title\"> Corsi di formazione                <\/h5>\n            <\/a>\n                        <p class=\"icon-box-desc\">orniamo corsi di formazione sulla prevenzione antincendio e sicurezza sui luoghi di lavoro, realizzati su misura in linea con le esigenze dei nostri clienti, anche in modalit\u00e0 e-learning!<\/p>                    <div class=\"icon-box-img\">\n                <i aria-hidden=\"true\" class=\"fas fa-graduation-cap\"><\/i>            <\/div>\n        \n    <\/div>\n    <\/div>\t\t\t\t<\/div>\n\t\t\t\t<\/div>\n\t\t\t\t<div class=\"elementor-element elementor-element-8d86e8b elementor-invisible elementor-widget elementor-widget-iqonic_IconBox\" data-id=\"8d86e8b\" data-element_type=\"widget\" data-settings=\"{&quot;_animation&quot;:&quot;fadeInUp&quot;,&quot;_animation_delay&quot;:800}\" data-widget_type=\"iqonic_IconBox.default\">\n\t\t\t\t<div class=\"elementor-widget-container\">\n\t\t\t\t\t\n<div class=\"mill-icon-box mill-icon-box-style-1  \">\n\n    <div class=\"icon-box-content\">\n                    <a >\n                <h5 class=\"icon-box-title\n            mill-heading-title\"> Certificati di collaudo                <\/h5>\n            <\/a>\n                        <p class=\"icon-box-desc\">Siamo abilitati per rilasciare certificati di collaudo Antincendio per ogni tipo di stabile, in qualit\u00e0 di tecnici riconosciuti in possesso di entrambi i certificati di specialisti ed esperti antincendio AICAA. Questo documento certifica che gli impianti e le costruzioni siano stati realizzati secondo le prescrizioni antincendio. Viene richiesto dal Municipio ai fini del rilascio dell\u2019abitabilit\u00e0.<\/p>                    <div class=\"icon-box-img\">\n                <i aria-hidden=\"true\" class=\"fas fa-certificate\"><\/i>            <\/div>\n        \n    <\/div>\n    <\/div>\t\t\t\t<\/div>\n\t\t\t\t<\/div>\n\t\t\t\t\t<\/div>\n\t\t<\/div>\n\t\t\t\t<div class=\"elementor-column elementor-col-33 elementor-top-column elementor-element elementor-element-93dbf49\" data-id=\"93dbf49\" data-element_type=\"column\">\n\t\t\t<div class=\"elementor-widget-wrap elementor-element-populated\">\n\t\t\t\t\t\t<div class=\"elementor-element elementor-element-65fc418 elementor-invisible elementor-widget elementor-widget-iqonic_IconBox\" data-id=\"65fc418\" data-element_type=\"widget\" data-settings=\"{&quot;_animation&quot;:&quot;fadeInUp&quot;,&quot;_animation_delay&quot;:400}\" data-widget_type=\"iqonic_IconBox.default\">\n\t\t\t\t<div class=\"elementor-widget-container\">\n\t\t\t\t\t\n<div class=\"mill-icon-box mill-icon-box-style-1  left\">\n\n    <div class=\"icon-box-content\">\n                    <a >\n                <h5 class=\"icon-box-title\n            mill-heading-title\"> Audit                <\/h5>\n            <\/a>\n                        <p class=\"icon-box-desc\">eseguiamo controlli periodici nelle aziende per identificare i pericoli presenti apportando i necessari correttivi, al fine di garantire il buon funzionamento dei sistemi di sicurezza.<\/p>                    <div class=\"icon-box-img\">\n                <i aria-hidden=\"true\" class=\"fas fa-assistive-listening-systems\"><\/i>            <\/div>\n        \n    <\/div>\n    <\/div>\t\t\t\t<\/div>\n\t\t\t\t<\/div>\n\t\t\t\t<div class=\"elementor-element elementor-element-43fbd2e elementor-invisible elementor-widget elementor-widget-iqonic_IconBox\" data-id=\"43fbd2e\" data-element_type=\"widget\" data-settings=\"{&quot;_animation&quot;:&quot;fadeInUp&quot;,&quot;_animation_delay&quot;:800}\" data-widget_type=\"iqonic_IconBox.default\">\n\t\t\t\t<div class=\"elementor-widget-container\">\n\t\t\t\t\t\n<div class=\"mill-icon-box mill-icon-box-style-1  \">\n\n    <div class=\"icon-box-content\">\n                    <a >\n                <h5 class=\"icon-box-title\n            mill-heading-title\"> Valutazione dei rischi                <\/h5>\n            <\/a>\n                        <p class=\"icon-box-desc\">allestiamo perizie tecniche per la determinazione delle misure antincendio necessarie al raggiungimento degli standard di sicurezza in edifici e strutture esistenti.<\/p>                    <div class=\"icon-box-img\">\n                <i aria-hidden=\"true\" class=\"far fa-check-square\"><\/i>            <\/div>\n        \n    <\/div>\n    <\/div>\t\t\t\t<\/div>\n\t\t\t\t<\/div>\n\t\t\t\t<div class=\"elementor-element elementor-element-fcb0d2c elementor-invisible elementor-widget elementor-widget-iqonic_IconBox\" data-id=\"fcb0d2c\" data-element_type=\"widget\" data-settings=\"{&quot;_animation&quot;:&quot;fadeInUp&quot;,&quot;_animation_delay&quot;:800}\" data-widget_type=\"iqonic_IconBox.default\">\n\t\t\t\t<div class=\"elementor-widget-container\">\n\t\t\t\t\t\n<div class=\"mill-icon-box mill-icon-box-style-1  \">\n\n    <div class=\"icon-box-content\">\n                    <a >\n                <h5 class=\"icon-box-title\n            mill-heading-title\"> Garanzia della qualit\u00e0                <\/h5>\n            <\/a>\n                        <p class=\"icon-box-desc\">Siamo abilitati per essere Garanti della qualit\u00e0 per seguire il ciclo di vita di uno stabile dalla sua progettazione fino alla sua completa realizzazione, dal grado 1 al grado 4 richiesti dalla Normativa. Ai fini di un sensibile risparmio per il committente sia di costi che di tempo, affianchiamo il Direttore dei Lavori del cantiere, nella scelta e nel reperimento dei materiali idonei, in occasione della loro posa in opera e alla preparazione delle certificazioni utili al rilascio del Certificato di Collaudo Antincendio.<\/p>                    <div class=\"icon-box-img\">\n                <i aria-hidden=\"true\" class=\"far fa-check-square\"><\/i>            <\/div>\n        \n    <\/div>\n    <\/div>\t\t\t\t<\/div>\n\t\t\t\t<\/div>\n\t\t\t\t\t<\/div>\n\t\t<\/div>\n\t\t\t\t\t<\/div>\n\t\t<\/section>\n\t\t\t\t<\/div>\n\t\t","protected":false},"excerpt":{"rendered":"<p>Protezione antincendio Studio di ingegneria che opera nel campo della progettazione e della consulenza nei settori della protezione antincendio e della sicurezza sui luoghi di lavoro su tutto il territorio elvetico. Perizie tecniche e giudiziarie Iforniamo assistenza per indagini antincendio a seguito di sinistri (determinazione delle cause di incendio, comportamento al fuoco e analisi conformit\u00e0 [&hellip;]<\/p>\n","protected":false},"author":1,"featured_media":9340,"parent":0,"menu_order":0,"comment_status":"closed","ping_status":"closed","template":"","meta":{"_acf_changed":false,"_monsterinsights_skip_tracking":false,"_monsterinsights_sitenote_active":false,"_monsterinsights_sitenote_note":"","_monsterinsights_sitenote_category":0,"footnotes":""},"class_list":["post-1548","page","type-page","status-publish","has-post-thumbnail","hentry"],"acf":[],"aioseo_notices":[],"_links":{"self":[{"href":"https:\/\/teasagl.ch\/index.php?rest_route=\/wp\/v2\/pages\/1548","targetHints":{"allow":["GET"]}}],"collection":[{"href":"https:\/\/teasagl.ch\/index.php?rest_route=\/wp\/v2\/pages"}],"about":[{"href":"https:\/\/teasagl.ch\/index.php?rest_route=\/wp\/v2\/types\/page"}],"author":[{"embeddable":true,"href":"https:\/\/teasagl.ch\/index.php?rest_route=\/wp\/v2\/users\/1"}],"replies":[{"embeddable":true,"href":"https:\/\/teasagl.ch\/index.php?rest_route=%2Fwp%2Fv2%2Fcomments&post=1548"}],"version-history":[{"count":30,"href":"https:\/\/teasagl.ch\/index.php?rest_route=\/wp\/v2\/pages\/1548\/revisions"}],"predecessor-version":[{"id":9820,"href":"https:\/\/teasagl.ch\/index.php?rest_route=\/wp\/v2\/pages\/1548\/revisions\/9820"}],"wp:featuredmedia":[{"embeddable":true,"href":"https:\/\/teasagl.ch\/index.php?rest_route=\/wp\/v2\/media\/9340"}],"wp:attachment":[{"href":"https:\/\/teasagl.ch\/index.php?rest_route=%2Fwp%2Fv2%2Fmedia&parent=1548"}],"curies":[{"name":"wp","href":"https:\/\/api.w.org\/{rel}","templated":true}]}}