{"id":1797,"date":"2021-03-19T05:06:54","date_gmt":"2021-03-19T05:06:54","guid":{"rendered":"https:\/\/wordpress.iqonic.design\/mill\/?page_id=1797"},"modified":"2026-01-07T16:50:52","modified_gmt":"2026-01-07T16:50:52","slug":"il-nostro-team","status":"publish","type":"page","link":"https:\/\/teasagl.ch\/?page_id=1797","title":{"rendered":"Il nostro team"},"content":{"rendered":"\t\t<div data-elementor-type=\"wp-page\" data-elementor-id=\"1797\" class=\"elementor elementor-1797\">\n\t\t\t\t\t\t<div class=\"elementor-section elementor-top-section elementor-element elementor-element-80bb2ef elementor-section-full_width elementor-section-stretched elementor-section-height-default elementor-section-height-default\" data-id=\"80bb2ef\" data-element_type=\"section\" data-settings=\"{&quot;stretch_section&quot;:&quot;section-stretched&quot;}\">\n\t\t\t\t\t\t<div class=\"elementor-container elementor-column-gap-extended\">\n\t\t\t\t\t<div class=\"elementor-column elementor-col-100 elementor-top-column elementor-element elementor-element-e18c20d\" data-id=\"e18c20d\" data-element_type=\"column\">\n\t\t\t<div class=\"elementor-widget-wrap elementor-element-populated\">\n\t\t\t\t\t\t<div class=\"elementor-element elementor-element-432a064 elementor-widget__width-initial elementor-absolute elementor-hidden-tablet elementor-hidden-phone elementor-widget elementor-widget-image\" data-id=\"432a064\" data-element_type=\"widget\" data-settings=\"{&quot;_position&quot;:&quot;absolute&quot;}\" data-widget_type=\"image.default\">\n\t\t\t\t<div class=\"elementor-widget-container\">\n\t\t\t\t\t\t\t\t\t\t\t\t\t\t\t<img decoding=\"async\" src=\"https:\/\/teasagl.ch\/wp-content\/uploads\/2021\/04\/10-3.png\" title=\"10\" alt=\"10\" loading=\"lazy\" \/>\t\t\t\t\t\t\t\t\t\t\t\t\t\t\t<\/div>\n\t\t\t\t<\/div>\n\t\t\t\t<div class=\"elementor-element elementor-element-677c358 elementor-widget__width-initial elementor-absolute elementor-hidden-tablet elementor-hidden-phone elementor-widget elementor-widget-image\" data-id=\"677c358\" data-element_type=\"widget\" data-settings=\"{&quot;_position&quot;:&quot;absolute&quot;}\" data-widget_type=\"image.default\">\n\t\t\t\t<div class=\"elementor-widget-container\">\n\t\t\t\t\t\t\t\t\t\t\t\t\t\t\t<img decoding=\"async\" src=\"https:\/\/teasagl.ch\/wp-content\/uploads\/2021\/04\/09-3.png\" title=\"09\" alt=\"09\" loading=\"lazy\" \/>\t\t\t\t\t\t\t\t\t\t\t\t\t\t\t<\/div>\n\t\t\t\t<\/div>\n\t\t\t\t\t<\/div>\n\t\t<\/div>\n\t\t\t\t\t<\/div>\n\t\t<\/div>\n\t\t\t\t<div class=\"elementor-section elementor-top-section elementor-element elementor-element-1d59d0c elementor-section-stretched elementor-section-boxed elementor-section-height-default elementor-section-height-default\" data-id=\"1d59d0c\" data-element_type=\"section\" data-settings=\"{&quot;stretch_section&quot;:&quot;section-stretched&quot;}\">\n\t\t\t\t\t\t<div class=\"elementor-container elementor-column-gap-extended\">\n\t\t\t\t\t<div class=\"elementor-column elementor-col-100 elementor-top-column elementor-element elementor-element-aef9919\" data-id=\"aef9919\" data-element_type=\"column\">\n\t\t\t<div class=\"elementor-widget-wrap elementor-element-populated\">\n\t\t\t\t\t\t<div class=\"elementor-element elementor-element-6bc60f2 elementor-widget elementor-widget-iqonic-Title\" data-id=\"6bc60f2\" data-element_type=\"widget\" data-widget_type=\"iqonic-Title.default\">\n\t\t\t\t<div class=\"elementor-widget-container\">\n\t\t\t\t\t    <div class=\"center mill-title-box mill-title-box-1\">\n                    <div class=\"mill-title-icon\">\n                            <\/div>\n                                <span class=\"mill-subtitle\">Tea Engineering<\/span>                            <h2 class=\"mill-title mill-heading-title\">\n                I nostri specialisti            <\/h2>\n                            <\/div> \t\t\t\t<\/div>\n\t\t\t\t<\/div>\n\t\t\t\t\t<\/div>\n\t\t<\/div>\n\t\t\t\t\t<\/div>\n\t\t<\/div>\n\t\t\t\t<div class=\"elementor-section elementor-top-section elementor-element elementor-element-7e6608f elementor-section-full_width elementor-section-stretched elementor-section-height-default elementor-section-height-default\" data-id=\"7e6608f\" data-element_type=\"section\" data-settings=\"{&quot;stretch_section&quot;:&quot;section-stretched&quot;}\">\n\t\t\t\t\t\t<div class=\"elementor-container elementor-column-gap-extended\">\n\t\t\t\t\t<div class=\"elementor-column elementor-col-100 elementor-top-column elementor-element elementor-element-657106f\" data-id=\"657106f\" data-element_type=\"column\">\n\t\t\t<div class=\"elementor-widget-wrap elementor-element-populated\">\n\t\t\t\t\t\t<div class=\"elementor-element elementor-element-9b25b90 mill-rotate-pattern elementor-widget__width-initial elementor-absolute elementor-hidden-tablet elementor-hidden-phone elementor-widget elementor-widget-image\" data-id=\"9b25b90\" data-element_type=\"widget\" data-settings=\"{&quot;_animation&quot;:&quot;none&quot;,&quot;_position&quot;:&quot;absolute&quot;}\" data-widget_type=\"image.default\">\n\t\t\t\t<div class=\"elementor-widget-container\">\n\t\t\t\t\t\t\t\t\t\t\t\t\t\t\t<img decoding=\"async\" src=\"https:\/\/teasagl.ch\/wp-content\/uploads\/2021\/04\/04-3.png\" title=\"04\" alt=\"image\" loading=\"lazy\" \/>\t\t\t\t\t\t\t\t\t\t\t\t\t\t\t<\/div>\n\t\t\t\t<\/div>\n\t\t\t\t\t<\/div>\n\t\t<\/div>\n\t\t\t\t\t<\/div>\n\t\t<\/div>\n\t\t\t\t<section class=\"elementor-section elementor-top-section elementor-element elementor-element-f3f2cd3 elementor-section-boxed elementor-section-height-default elementor-section-height-default\" data-id=\"f3f2cd3\" data-element_type=\"section\">\n\t\t\t\t\t\t<div class=\"elementor-container elementor-column-gap-default\">\n\t\t\t\t\t<div class=\"elementor-column elementor-col-100 elementor-top-column elementor-element elementor-element-62c4e48\" data-id=\"62c4e48\" data-element_type=\"column\">\n\t\t\t<div class=\"elementor-widget-wrap\">\n\t\t\t\t\t\t\t<\/div>\n\t\t<\/div>\n\t\t\t\t\t<\/div>\n\t\t<\/section>\n\t\t\t\t<section class=\"elementor-section elementor-top-section elementor-element elementor-element-14f0deb elementor-section-boxed elementor-section-height-default elementor-section-height-default\" data-id=\"14f0deb\" data-element_type=\"section\">\n\t\t\t\t\t\t<div class=\"elementor-container elementor-column-gap-default\">\n\t\t\t\t\t<div class=\"elementor-column elementor-col-33 elementor-top-column elementor-element elementor-element-a8d2302\" data-id=\"a8d2302\" data-element_type=\"column\">\n\t\t\t<div class=\"elementor-widget-wrap elementor-element-populated\">\n\t\t\t\t\t\t<div class=\"elementor-element elementor-element-3ffcb03 elementor-widget elementor-widget-iqonic-Title\" data-id=\"3ffcb03\" data-element_type=\"widget\" data-widget_type=\"iqonic-Title.default\">\n\t\t\t\t<div class=\"elementor-widget-container\">\n\t\t\t\t\t    <div class=\"center mill-title-box mill-title-box-1\">\n                    <div class=\"mill-title-icon\">\n                            <\/div>\n                                <span class=\"mill-subtitle\">Ingegnere esperto antincendio<\/span>                            <h4 class=\"mill-title mill-heading-title\">\n                Alessandro Furio            <\/h4>\n                            <\/div> \t\t\t\t<\/div>\n\t\t\t\t<\/div>\n\t\t\t\t<div class=\"elementor-element elementor-element-9ac4104 elementor-widget elementor-widget-image\" data-id=\"9ac4104\" data-element_type=\"widget\" data-widget_type=\"image.default\">\n\t\t\t\t<div class=\"elementor-widget-container\">\n\t\t\t\t\t\t\t\t\t\t\t\t\t\t\t<img fetchpriority=\"high\" decoding=\"async\" width=\"1024\" height=\"768\" src=\"https:\/\/teasagl.ch\/wp-content\/uploads\/2021\/03\/20231120_134936-1024x768.jpg\" class=\"attachment-large size-large wp-image-9428\" alt=\"\" srcset=\"https:\/\/teasagl.ch\/wp-content\/uploads\/2021\/03\/20231120_134936-1024x768.jpg 1024w, https:\/\/teasagl.ch\/wp-content\/uploads\/2021\/03\/20231120_134936-300x225.jpg 300w, https:\/\/teasagl.ch\/wp-content\/uploads\/2021\/03\/20231120_134936-768x576.jpg 768w, https:\/\/teasagl.ch\/wp-content\/uploads\/2021\/03\/20231120_134936-1536x1152.jpg 1536w, https:\/\/teasagl.ch\/wp-content\/uploads\/2021\/03\/20231120_134936-2048x1536.jpg 2048w\" sizes=\"(min-width: 960px) 75vw, 100vw\" \/>\t\t\t\t\t\t\t\t\t\t\t\t\t\t\t<\/div>\n\t\t\t\t<\/div>\n\t\t\t\t<div class=\"elementor-element elementor-element-d64b729 elementor-widget elementor-widget-text-editor\" data-id=\"d64b729\" data-element_type=\"widget\" data-widget_type=\"text-editor.default\">\n\t\t\t\t<div class=\"elementor-widget-container\">\n\t\t\t\t\t\t\t\t\t<p style=\"text-align: justify;\">Laureato in ingegneria civile al Politecnico di Milano. Dopo la laurea svolge attivit\u00e0 di ricerca al dipartimento di ingegneria strutturale oltre ad essere assistente al corso di tecnologie dei materiali e delle strutture. Collabora come ingegnere civile con uno studio di Varese fino al 2010, anno in cui viene assunto dallo studio CISPI Sagl di Lugano per specializzarsi nell\u2019ambito della protezione antincendio. Consegue il master europeo CFPA, quindi i diplomi di capacit\u00e0 federale come specialista ed esperto antincendio VKF oltre a quello di specialista di impianti di rivelazione d\u2019incendio VKF. \u00c8 docente\/ricercatore presso la SUPSI e rappresentante della stessa associazione per la Commissione cantonale per la protezione antincendio (CCPA). E\u2019 iscritto all\u2019OTIA<\/p>\t\t\t\t\t\t\t\t<\/div>\n\t\t\t\t<\/div>\n\t\t\t\t\t<\/div>\n\t\t<\/div>\n\t\t\t\t<div class=\"elementor-column elementor-col-33 elementor-top-column elementor-element elementor-element-bacec69\" data-id=\"bacec69\" data-element_type=\"column\">\n\t\t\t<div class=\"elementor-widget-wrap elementor-element-populated\">\n\t\t\t\t\t\t<div class=\"elementor-element elementor-element-49a67ca elementor-widget elementor-widget-iqonic-Title\" data-id=\"49a67ca\" data-element_type=\"widget\" data-widget_type=\"iqonic-Title.default\">\n\t\t\t\t<div class=\"elementor-widget-container\">\n\t\t\t\t\t    <div class=\"center mill-title-box mill-title-box-1\">\n                    <div class=\"mill-title-icon\">\n                            <\/div>\n                                <span class=\"mill-subtitle\">Ingegnere esperto antincendio<\/span>                            <h4 class=\"mill-title mill-heading-title\">\n                Francesca Comolli            <\/h4>\n                            <\/div> \t\t\t\t<\/div>\n\t\t\t\t<\/div>\n\t\t\t\t<div class=\"elementor-element elementor-element-50dce69 elementor-widget elementor-widget-image\" data-id=\"50dce69\" data-element_type=\"widget\" data-widget_type=\"image.default\">\n\t\t\t\t<div class=\"elementor-widget-container\">\n\t\t\t\t\t\t\t\t\t\t\t\t\t\t\t<img decoding=\"async\" width=\"1024\" height=\"768\" src=\"https:\/\/teasagl.ch\/wp-content\/uploads\/2021\/03\/20231120_135146-1024x768.jpg\" class=\"attachment-large size-large wp-image-9427\" alt=\"\" srcset=\"https:\/\/teasagl.ch\/wp-content\/uploads\/2021\/03\/20231120_135146-1024x768.jpg 1024w, https:\/\/teasagl.ch\/wp-content\/uploads\/2021\/03\/20231120_135146-300x225.jpg 300w, https:\/\/teasagl.ch\/wp-content\/uploads\/2021\/03\/20231120_135146-768x576.jpg 768w, https:\/\/teasagl.ch\/wp-content\/uploads\/2021\/03\/20231120_135146-1536x1152.jpg 1536w, https:\/\/teasagl.ch\/wp-content\/uploads\/2021\/03\/20231120_135146-2048x1536.jpg 2048w\" sizes=\"(min-width: 960px) 75vw, 100vw\" \/>\t\t\t\t\t\t\t\t\t\t\t\t\t\t\t<\/div>\n\t\t\t\t<\/div>\n\t\t\t\t<div class=\"elementor-element elementor-element-951b3df elementor-widget elementor-widget-text-editor\" data-id=\"951b3df\" data-element_type=\"widget\" data-widget_type=\"text-editor.default\">\n\t\t\t\t<div class=\"elementor-widget-container\">\n\t\t\t\t\t\t\t\t\t<p style=\"text-align: justify;\">Ingegnere civile ed ambientale (iscritta nel registro svizzero REG B), laureata presso il Politecnico di Milano nel 2011. Inizia il suo percorso professionale e formativo presso Cispi Sagl (giugno 2011- marzo 2016). E\u2019 in possesso del certificato CFPA Europeo, dei Certificati di Competenza VKF \u2013 Specialista Antincendio VKF ed Esperto Antincendio VKF, finalizzati all\u2019iscrizione nell\u2019elenco dei Tecnici riconosciuti della polizia del fuoco secondo l\u2019Art.44b RLE Canton Ticino. Inoltre \u00e8 in possesso del titolo di Esperta di sicurezza sui luoghi di lavoro Oqual, rilasciato dalla SUVA.<\/p>\t\t\t\t\t\t\t\t<\/div>\n\t\t\t\t<\/div>\n\t\t\t\t\t<\/div>\n\t\t<\/div>\n\t\t\t\t<div class=\"elementor-column elementor-col-33 elementor-top-column elementor-element elementor-element-7a9955a\" data-id=\"7a9955a\" data-element_type=\"column\">\n\t\t\t<div class=\"elementor-widget-wrap elementor-element-populated\">\n\t\t\t\t\t\t<div class=\"elementor-element elementor-element-380b144 elementor-widget elementor-widget-iqonic-Title\" data-id=\"380b144\" data-element_type=\"widget\" data-widget_type=\"iqonic-Title.default\">\n\t\t\t\t<div class=\"elementor-widget-container\">\n\t\t\t\t\t    <div class=\"center mill-title-box mill-title-box-1\">\n                    <div class=\"mill-title-icon\">\n                            <\/div>\n                                <span class=\"mill-subtitle\">Ingegnere esperto antincendio<\/span>                            <h4 class=\"mill-title mill-heading-title\">\n                Gianluca Papagni            <\/h4>\n                            <\/div> \t\t\t\t<\/div>\n\t\t\t\t<\/div>\n\t\t\t\t<div class=\"elementor-element elementor-element-ee0d635 elementor-widget elementor-widget-image\" data-id=\"ee0d635\" data-element_type=\"widget\" data-widget_type=\"image.default\">\n\t\t\t\t<div class=\"elementor-widget-container\">\n\t\t\t\t\t\t\t\t\t\t\t\t\t\t\t<img decoding=\"async\" width=\"1024\" height=\"768\" src=\"https:\/\/teasagl.ch\/wp-content\/uploads\/2021\/03\/20231120_134526-1024x768.jpg\" class=\"attachment-large size-large wp-image-9426\" alt=\"\" srcset=\"https:\/\/teasagl.ch\/wp-content\/uploads\/2021\/03\/20231120_134526-1024x768.jpg 1024w, https:\/\/teasagl.ch\/wp-content\/uploads\/2021\/03\/20231120_134526-300x225.jpg 300w, https:\/\/teasagl.ch\/wp-content\/uploads\/2021\/03\/20231120_134526-768x576.jpg 768w, https:\/\/teasagl.ch\/wp-content\/uploads\/2021\/03\/20231120_134526-1536x1152.jpg 1536w, https:\/\/teasagl.ch\/wp-content\/uploads\/2021\/03\/20231120_134526-2048x1536.jpg 2048w\" sizes=\"(min-width: 960px) 75vw, 100vw\" \/>\t\t\t\t\t\t\t\t\t\t\t\t\t\t\t<\/div>\n\t\t\t\t<\/div>\n\t\t\t\t<div class=\"elementor-element elementor-element-50c1149 elementor-widget elementor-widget-text-editor\" data-id=\"50c1149\" data-element_type=\"widget\" data-widget_type=\"text-editor.default\">\n\t\t\t\t<div class=\"elementor-widget-container\">\n\t\t\t\t\t\t\t\t\t<p style=\"text-align: justify;\">Consegue la laurea specialistica in Ingegneria per l\u2019ambiente e il territorio presso il Politecnico di Milano nel luglio 2011, durante il percorso di studi approfondisce con passione le tematiche legate alla sicurezza sui luoghi di lavoro e alla prevenzione antincendio, ottenendo l\u2019abilitazione come Responsabile per i servizi di Prevenzione e Protezione. Intraprende la carriera professionale come RSPP nello stabilmento comasco dell\u2019azienda multinazionale Kiian Spa, specializzata nella produzione di vernici e inchiostri digitali. Approda in Ticino nel gennaio 2012 presso lo studio di Ingegneria Cispi sagl dove ha l\u2019opportunit\u00e0 di specializzarsi nel campo dell\u2019antincendio, conseguendo dapprima il master europeo CFPA e quindi i diplomi federali di Specialista ed Esperto Antincendio VKF. Ottiene inoltre il titolo di Esperto di sicurezza sui luoghi di lavoro Oqual, rilasciato dalla SUVA. \u00c8 iscritto all\u2019OTIA e all\u2019Ordine degli Ingegneri Civili ed Ambientali della Provincia di Como.<\/p>\t\t\t\t\t\t\t\t<\/div>\n\t\t\t\t<\/div>\n\t\t\t\t\t<\/div>\n\t\t<\/div>\n\t\t\t\t\t<\/div>\n\t\t<\/section>\n\t\t\t\t<section class=\"elementor-section elementor-top-section elementor-element elementor-element-9188497 elementor-section-boxed elementor-section-height-default elementor-section-height-default\" data-id=\"9188497\" data-element_type=\"section\">\n\t\t\t\t\t\t<div class=\"elementor-container elementor-column-gap-default\">\n\t\t\t\t\t<div class=\"elementor-column elementor-col-33 elementor-top-column elementor-element elementor-element-ba24dff\" data-id=\"ba24dff\" data-element_type=\"column\">\n\t\t\t<div class=\"elementor-widget-wrap\">\n\t\t\t\t\t\t\t<\/div>\n\t\t<\/div>\n\t\t\t\t<div class=\"elementor-column elementor-col-33 elementor-top-column elementor-element elementor-element-caaff90\" data-id=\"caaff90\" data-element_type=\"column\">\n\t\t\t<div class=\"elementor-widget-wrap\">\n\t\t\t\t\t\t\t<\/div>\n\t\t<\/div>\n\t\t\t\t<div class=\"elementor-column elementor-col-33 elementor-top-column elementor-element elementor-element-bf3894a\" data-id=\"bf3894a\" data-element_type=\"column\">\n\t\t\t<div class=\"elementor-widget-wrap\">\n\t\t\t\t\t\t\t<\/div>\n\t\t<\/div>\n\t\t\t\t\t<\/div>\n\t\t<\/section>\n\t\t\t\t<section class=\"elementor-section elementor-top-section elementor-element elementor-element-c9d5827 elementor-section-boxed elementor-section-height-default elementor-section-height-default\" data-id=\"c9d5827\" data-element_type=\"section\">\n\t\t\t\t\t\t<div class=\"elementor-container elementor-column-gap-default\">\n\t\t\t\t\t<div class=\"elementor-column elementor-col-100 elementor-top-column elementor-element elementor-element-4c63100\" data-id=\"4c63100\" data-element_type=\"column\">\n\t\t\t<div class=\"elementor-widget-wrap elementor-element-populated\">\n\t\t\t\t\t\t<div class=\"elementor-element elementor-element-39cc791 elementor-widget elementor-widget-iqonic-Team\" data-id=\"39cc791\" data-element_type=\"widget\" data-widget_type=\"iqonic-Team.default\">\n\t\t\t\t<div class=\"elementor-widget-container\">\n\t\t\t\t\t\n    <div class=\"mill-team mill-team-style-grid mill-team-style-1\">\n        <div class=\"row\"> \n                    <div class=\"col-lg-4\">\n                        <div class=\"mill-team-blog \">\n                            <div class=\"mill-team-img\">\n                                <img decoding=\"async\" src=\"https:\/\/teasagl.ch\/wp-content\/uploads\/2023\/11\/20240108_123121-scaled.jpg\" alt=\"team-image\"\/>                                <div class=\"share mill-team-social\">\n                                    <ul>\n                                                                            <\/ul>\n                                <\/div>\n                            <\/div>\n                            \n                            <div class=\"mill-team-info\">\n                                <div class=\"mill-team-main-detail\">\n                                    <div class=\"mill_speficialize\">\n                                        <span>Ingegnere Fisico della costruzione<\/span>\n                                    <\/div>\n                                    <h5 class=\"member-text mill-heading-title\">Marco Migliori<\/h5>\n\n                                    \n                                <\/div>\n                            <\/div>\n                        <\/div>\n                    <\/div> \n                    <div class=\"col-lg-4\">\n                        <div class=\"mill-team-blog \">\n                            <div class=\"mill-team-img\">\n                                <img decoding=\"async\" src=\"https:\/\/teasagl.ch\/wp-content\/uploads\/2024\/08\/IngFabioMainini2.jpg\" alt=\"team-image\"\/>                                <div class=\"share mill-team-social\">\n                                    <ul>\n                                                                            <\/ul>\n                                <\/div>\n                            <\/div>\n                            \n                            <div class=\"mill-team-info\">\n                                <div class=\"mill-team-main-detail\">\n                                    <div class=\"mill_speficialize\">\n                                        <span>Ingegnere Fisico della costruzione<\/span>\n                                    <\/div>\n                                    <h5 class=\"member-text mill-heading-title\">Fabio Mainini<\/h5>\n\n                                    \n                                <\/div>\n                            <\/div>\n                        <\/div>\n                    <\/div> \n                    <div class=\"col-lg-4\">\n                        <div class=\"mill-team-blog \">\n                            <div class=\"mill-team-img\">\n                                <img decoding=\"async\" src=\"https:\/\/teasagl.ch\/wp-content\/uploads\/2025\/11\/VicariTeaEng_bottom_anchor_up3cm.jpg\" alt=\"team-image\"\/>                                <div class=\"share mill-team-social\">\n                                    <ul>\n                                                                            <\/ul>\n                                <\/div>\n                            <\/div>\n                            \n                            <div class=\"mill-team-info\">\n                                <div class=\"mill-team-main-detail\">\n                                    <div class=\"mill_speficialize\">\n                                        <span>Specialista antincendio<\/span>\n                                    <\/div>\n                                    <h5 class=\"member-text mill-heading-title\">Alessio Vicari<\/h5>\n\n                                    \n                                <\/div>\n                            <\/div>\n                        <\/div>\n                    <\/div> \n        <\/div>\n    <\/div>\n\n\n\n\t\t\t\t<\/div>\n\t\t\t\t<\/div>\n\t\t\t\t\t<\/div>\n\t\t<\/div>\n\t\t\t\t\t<\/div>\n\t\t<\/section>\n\t\t\t\t<section class=\"elementor-section elementor-top-section elementor-element elementor-element-e5548ad elementor-section-boxed elementor-section-height-default elementor-section-height-default\" data-id=\"e5548ad\" data-element_type=\"section\">\n\t\t\t\t\t\t<div class=\"elementor-container elementor-column-gap-default\">\n\t\t\t\t\t<div class=\"elementor-column elementor-col-33 elementor-top-column elementor-element elementor-element-1cc9b3f\" data-id=\"1cc9b3f\" data-element_type=\"column\">\n\t\t\t<div class=\"elementor-widget-wrap elementor-element-populated\">\n\t\t\t\t\t\t<div class=\"elementor-element elementor-element-71e03e5 elementor-widget elementor-widget-text-editor\" data-id=\"71e03e5\" data-element_type=\"widget\" data-widget_type=\"text-editor.default\">\n\t\t\t\t<div class=\"elementor-widget-container\">\n\t\t\t\t\t\t\t\t\t<p style=\"text-align: justify;\">Laureato in ingegneria presso l\u2019Universit\u00e0 degli Studi di Bologna. Dal 2005 opera nel capo della fisica della costruzione su tutto il territorio elvetico. Cresciuto professionalmente sotto l\u2019egida dell\u2019Ing. Franco Semini, ha maturato competenze ed esperienza nei settori dell\u2019energia (Partner Specializzato Minergie) ed acustica (interna ed esterna).<\/p>\t\t\t\t\t\t\t\t<\/div>\n\t\t\t\t<\/div>\n\t\t\t\t\t<\/div>\n\t\t<\/div>\n\t\t\t\t<div class=\"elementor-column elementor-col-33 elementor-top-column elementor-element elementor-element-eaa0587\" data-id=\"eaa0587\" data-element_type=\"column\">\n\t\t\t<div class=\"elementor-widget-wrap elementor-element-populated\">\n\t\t\t\t\t\t<div class=\"elementor-element elementor-element-2509503 elementor-widget elementor-widget-text-editor\" data-id=\"2509503\" data-element_type=\"widget\" data-widget_type=\"text-editor.default\">\n\t\t\t\t<div class=\"elementor-widget-container\">\n\t\t\t\t\t\t\t\t\t<p>Ing. Edile con laurea magistrale conseguita al Politecnico di Milano nel 2014. Muove i primi passi nel settore dell\u2019efficienza energetica e della fisica della costruzione specializzandosi come esperto CECE e consulente Minergie. Amplia successivamente la sua esperienza sui controlli esecutivi e di cantiere oltre a sviluppare competenze nel settore dell\u2019acustica edile.<\/p><p>E\u2019 consulente Radon accreditato ed esperto di involucro edilizio e indagini strumentali per la diagnosi energetica sull\u2019involucro ed il comfort acustico (operatore termografico L1 ISO 18436, blowerdoor, termoflussimetria e collaudi acustici).<\/p>\t\t\t\t\t\t\t\t<\/div>\n\t\t\t\t<\/div>\n\t\t\t\t\t<\/div>\n\t\t<\/div>\n\t\t\t\t<div class=\"elementor-column elementor-col-33 elementor-top-column elementor-element elementor-element-abf3340\" data-id=\"abf3340\" data-element_type=\"column\">\n\t\t\t<div class=\"elementor-widget-wrap elementor-element-populated\">\n\t\t\t\t\t\t<div class=\"elementor-element elementor-element-80b3b65 elementor-widget elementor-widget-text-editor\" data-id=\"80b3b65\" data-element_type=\"widget\" data-widget_type=\"text-editor.default\">\n\t\t\t\t<div class=\"elementor-widget-container\">\n\t\t\t\t\t\t\t\t\t<p>Consegue il diploma di Architetto presso la SUPSI di Lugano-Trevano nel settembre 2013.<br \/>Avvia la propria carriera professionale nell\u2019ambito della progettazione e della direzione lavori, provando sul campo e approfondendo le competenze maturate durante il percorso di studi.<\/p><p>Nel corso degli anni amplia la propria formazione conseguendo l\u2019attestato di specialista antincendio AICAA e il diploma europeo CFPA, che arricchiscono ulteriormente il suo profilo tecnico nel settore delle costruzioni.<\/p><p>Nella quotidianit\u00e0 professionale emerge la ricerca del dettaglio e la passione per la rappresentazione grafica, qualit\u00e0 che condivide con il team di lavoro contribuendo alla crescita e alla qualit\u00e0 dei progetti sviluppati.<\/p>\t\t\t\t\t\t\t\t<\/div>\n\t\t\t\t<\/div>\n\t\t\t\t\t<\/div>\n\t\t<\/div>\n\t\t\t\t\t<\/div>\n\t\t<\/section>\n\t\t\t\t<\/div>\n\t\t","protected":false},"excerpt":{"rendered":"<p>Tea Engineering I nostri specialisti Ingegnere esperto antincendio Alessandro Furio Laureato in ingegneria civile al Politecnico di Milano. Dopo la laurea svolge attivit\u00e0 di ricerca al dipartimento di ingegneria strutturale oltre ad essere assistente al corso di tecnologie dei materiali e delle strutture. Collabora come ingegnere civile con uno studio di Varese fino al 2010, [&hellip;]<\/p>\n","protected":false},"author":1,"featured_media":0,"parent":0,"menu_order":0,"comment_status":"closed","ping_status":"closed","template":"","meta":{"_acf_changed":false,"_monsterinsights_skip_tracking":false,"_monsterinsights_sitenote_active":false,"_monsterinsights_sitenote_note":"","_monsterinsights_sitenote_category":0,"footnotes":""},"class_list":["post-1797","page","type-page","status-publish","hentry"],"acf":[],"aioseo_notices":[],"_links":{"self":[{"href":"https:\/\/teasagl.ch\/index.php?rest_route=\/wp\/v2\/pages\/1797","targetHints":{"allow":["GET"]}}],"collection":[{"href":"https:\/\/teasagl.ch\/index.php?rest_route=\/wp\/v2\/pages"}],"about":[{"href":"https:\/\/teasagl.ch\/index.php?rest_route=\/wp\/v2\/types\/page"}],"author":[{"embeddable":true,"href":"https:\/\/teasagl.ch\/index.php?rest_route=\/wp\/v2\/users\/1"}],"replies":[{"embeddable":true,"href":"https:\/\/teasagl.ch\/index.php?rest_route=%2Fwp%2Fv2%2Fcomments&post=1797"}],"version-history":[{"count":110,"href":"https:\/\/teasagl.ch\/index.php?rest_route=\/wp\/v2\/pages\/1797\/revisions"}],"predecessor-version":[{"id":9897,"href":"https:\/\/teasagl.ch\/index.php?rest_route=\/wp\/v2\/pages\/1797\/revisions\/9897"}],"wp:attachment":[{"href":"https:\/\/teasagl.ch\/index.php?rest_route=%2Fwp%2Fv2%2Fmedia&parent=1797"}],"curies":[{"name":"wp","href":"https:\/\/api.w.org\/{rel}","templated":true}]}}